{"id":6,"date":"2020-09-02T13:20:01","date_gmt":"2020-09-02T11:20:01","guid":{"rendered":"http:\/\/anthonyfedon.fr\/?page_id=6"},"modified":"2021-07-12T10:58:17","modified_gmt":"2021-07-12T08:58:17","slug":"mesmerize-pro","status":"publish","type":"page","link":"https:\/\/anthonyfedon.fr\/","title":{"rendered":"Front Page"},"content":{"rendered":"<div  data-label=\"Cta\" data-id=\"cta--1\" data-export-id=\"cta-blue-section\" data-category=\"cta\" class=\"cta-blue-section content-section content-section-spacing-medium bg-color1 white-text\" id=\"cta-1\"><div  class=\"gridContainer\"> <div  class=\"row middle-xs\"><div  class=\"col-sm-8 space-bottom-xs\" data-type=\"column\"> <h2  class=\"\">Retrouvez-nous sur Transfermarkt<\/h2> <p  class=\"lead\"><span  style=\"font-family: Oswald, arial, helvetica, sans-serif; font-weight: 600;\">ANTHONY FEDON<\/span><\/p><\/div> <div  class=\"col-sm-4 end-sm\" data-type=\"column\"> <a class=\"button color2\" href=\"https:\/\/www.transfermarkt.fr\/ttma\/beraterfirma\/berater\/7736\" target=\"_self\" data-cp-link=\"1\" data-icon=\"\" rel=\"noopener noreferrer\">En savoir plus <\/a><\/div> <\/div><\/div> <\/div><div  data-label=\"instagram ttma\" data-id=\"contact--1\" data-export-id=\"contact-4\" data-category=\"contact\" class=\"contact-4 content-section white-text\" id=\"instagram-ttma\" style=\"background-color: rgb(255, 255, 255); background-image: none;\"><div  class=\"\"> <div  class=\"row\"><div  class=\"col-xs-12 no-gutter-col\"> <div  data-content-shortcode=\"mesmerize_maps zoom=&quot;65&quot; shortcode=&quot;&amp;amp;lt;script src=&amp;amp;quot;https:\/\/apps.elfsight.com\/p\/platform.js&amp;amp;quot; defer&amp;amp;gt;&amp;amp;lt;\/script&amp;amp;gt; &amp;amp;lt;div class=&amp;amp;quot;elfsight-app-733fa5ae-5e4f-4fcc-9ec2-181df5a7e2dc&amp;amp;quot;&amp;amp;gt;&amp;amp;lt;\/div&amp;amp;gt;&quot;\" data-editable=\"true\" class=\"\">[<script src=\"https:\/\/apps.elfsight.com\/p\/platform.js\" defer><\/script> <div class=\"elfsight-app-733fa5ae-5e4f-4fcc-9ec2-181df5a7e2dc\"><\/div>]<\/div><\/div> <\/div><\/div> <\/div><div  data-label=\"Cta\" data-id=\"cta--2\" data-export-id=\"cta-centered-section-grid\" data-category=\"cta\" class=\"cta-centered-section-grid content-section content-section-spacing-medium bg-color1 white-text\" id=\"cta-2\"><div  class=\"gridContainer\"> <div  class=\"row text-center\"><div  class=\"col-xs-12 col-sm-10 col-sm-offset-1 col-md-8 col-md-offset-2\" data-type=\"column\"> <h2  class=\"\">TTMA le bureau des Talents :\n<br >Confiance, Respect, R\u00e9ussite<\/h2> <p  class=\"\">L\u2019\u00e9quipe TTMA, sp\u00e9cialiste de la gestion de carri\u00e8re des footballeurs professionnels.<\/p> <\/div> <\/div><\/div> <\/div>","protected":false},"excerpt":{"rendered":"<p>Retrouvez-nous sur Transfermarkt ANTHONY FEDON En savoir plus TTMA le bureau des Talents : Confiance, Respect, R\u00e9ussite L\u2019\u00e9quipe TTMA, sp\u00e9cialiste de la gestion de carri\u00e8re des footballeurs professionnels.<\/p>\n","protected":false},"author":1,"featured_media":0,"parent":0,"menu_order":0,"comment_status":"closed","ping_status":"closed","template":"page-templates\/homepage.php","meta":[],"_links":{"self":[{"href":"https:\/\/anthonyfedon.fr\/index.php?rest_route=\/wp\/v2\/pages\/6"}],"collection":[{"href":"https:\/\/anthonyfedon.fr\/index.php?rest_route=\/wp\/v2\/pages"}],"about":[{"href":"https:\/\/anthonyfedon.fr\/index.php?rest_route=\/wp\/v2\/types\/page"}],"author":[{"embeddable":true,"href":"https:\/\/anthonyfedon.fr\/index.php?rest_route=\/wp\/v2\/users\/1"}],"replies":[{"embeddable":true,"href":"https:\/\/anthonyfedon.fr\/index.php?rest_route=%2Fwp%2Fv2%2Fcomments&post=6"}],"version-history":[{"count":13,"href":"https:\/\/anthonyfedon.fr\/index.php?rest_route=\/wp\/v2\/pages\/6\/revisions"}],"predecessor-version":[{"id":55,"href":"https:\/\/anthonyfedon.fr\/index.php?rest_route=\/wp\/v2\/pages\/6\/revisions\/55"}],"wp:attachment":[{"href":"https:\/\/anthonyfedon.fr\/index.php?rest_route=%2Fwp%2Fv2%2Fmedia&parent=6"}],"curies":[{"name":"wp","href":"https:\/\/api.w.org\/{rel}","templated":true}]}}